{"id":13,"date":"2014-06-24T00:29:28","date_gmt":"2014-06-24T00:29:28","guid":{"rendered":"http:\/\/www.devxtend.com\/revistaPortfolio\/?page_id=13"},"modified":"2023-04-10T11:02:30","modified_gmt":"2023-04-10T14:02:30","slug":"home","status":"publish","type":"page","link":"https:\/\/www.revistaportfolio.com\/","title":{"rendered":"Home"},"content":{"rendered":"<div class=\"row\"><div class=\"column half\"><h2 class=\"section-title\">Utlimo ejemplar de la revista<\/h2>\n<div class=\"grid-row clearfix 10 1\">\t<article class=\"newsplus entry-grid col1 first-grid last-grid post-2469 post type-post status-publish format-standard has-post-thumbnail hentry category-revistas\">\r\n\t\t<div class=\"post-thumb\"><a href=\"https:\/\/www.revistaportfolio.com\/?p=2469\" title=\"Revista 136\"><img src=\"https:\/\/www.revistaportfolio.com\/wp-content\/uploads\/2026\/04\/Tapa-136.png\" class=\"attachment-post-thumbnail wp-post-image\" alt=\"Tapa-136.png\"><\/a><\/div><div class=\"entry-content\"><aside class=\"meta-row cat-row\"><div class=\"meta-col\"><ul class=\"post-categories\"><li><a href=\"https:\/\/www.revistaportfolio.com\/?cat=10\">Revistas<\/a><\/li><\/ul><\/div><\/aside><h2 class=\"entry-title\"><a href=\"https:\/\/www.revistaportfolio.com\/?p=2469\" title=\"Revista 136\">Revista 136<\/a><\/h2><p class=\"post-excerpt fs-\">VER REVISTA ONLINE\u00a0AQUI 2. Nota de tapa El gobierno enfrenta dificultades econ\u00f3micas serias. Los pr\u00f3ximos a\u00f1os ser\u00e1n dif\u00edciles para&hellip;<\/p><aside class=\"meta-row row-3\"><div class=\"meta-col\"><ul class=\"entry-meta\"><li class=\"post-time\"><span class=\"published-label\">Published: <\/span><span class=\"posted-on\"><time class=\"entry-date\" datetime=\"2026-04-08T09:28:38-03:00\">08\/04\/2026<span class=\"sep time-sep\"><\/span><span class=\"publish-time\">09:28<\/span><\/time><\/span><\/li><li class=\"post-author\"><span class=\"screen-reader-text\">Author <\/span><a href=\"https:\/\/www.revistaportfolio.com\/?author=10\">Carlos Protasi<\/a><\/li><\/ul><\/div><\/aside><\/div>\r\n\t<\/article><!-- #post-2469 -->\r\n\r\n\t<\/div><\/div>\n<div class=\"column half last\"><h2 class=\"section-title\">Suscripciones<\/h2>\n<p>Mediante el siguiente v\u00ednculo puede registrarse como usuario y suscribirse a las publicaciones de Revista Portfolio<\/p>\n<a href=\"?page_id=608\" class=\"ss-button forestGreen size-s\">Suscribirse a las publicaciones<\/a>\n<hr \/>\n<h2 class=\"section-title\">Publicaciones recientes<\/h2>\n<div class=\"list-small-wrap clearfix fs-16 5 list-small -1, -10\">\t<article class=\"newsplus entry-list list-small split-33-67 no-image post-2235 post type-post status-publish format-standard hentry category-economia\">\r\n\t\t<div class=\"entry-content\"><h2 class=\"entry-title\"><a href=\"https:\/\/www.revistaportfolio.com\/?p=2235\" title=\"\u201cBajar la inflaci\u00f3n subiendo la tasa de inter\u00e9s, sin reducci\u00f3n del gasto p\u00fablico, solo conducir\u00e1 a m\u00e1s atraso cambiario\u201d\">\u201cBajar la inflaci\u00f3n subiendo la tasa de inter\u00e9s, sin reducci\u00f3n del gasto p\u00fablico, solo conducir\u00e1 a m\u00e1s atraso cambiario\u201d<\/a><\/h2><aside class=\"meta-row row-3\"><div class=\"meta-col\"><ul class=\"entry-meta\"><li class=\"post-time\"><span class=\"published-label\">Published: <\/span><span class=\"posted-on\"><time class=\"entry-date\" datetime=\"2022-03-04T16:15:29-03:00\">04\/03\/2022<span class=\"sep time-sep\"><\/span><span class=\"publish-time\">16:15<\/span><\/time><\/span><\/li><li class=\"post-author\"><span class=\"screen-reader-text\">Author <\/span><a href=\"https:\/\/www.revistaportfolio.com\/?author=10\">Carlos Protasi<\/a><\/li><\/ul><\/div><\/aside>\t\t<\/div><!-- \/.entry-content -->\r\n\t<\/article><!-- #post-2235 -->\r\n\t\t<article class=\"newsplus entry-list list-small split-33-67 no-image post-2162 post type-post status-publish format-standard hentry category-finanzas-personales\">\r\n\t\t<div class=\"entry-content\"><h2 class=\"entry-title\"><a href=\"https:\/\/www.revistaportfolio.com\/?p=2162\" title=\"Operar durante fases bajistas\">Operar durante fases bajistas<\/a><\/h2><aside class=\"meta-row row-3\"><div class=\"meta-col\"><ul class=\"entry-meta\"><li class=\"post-time\"><span class=\"published-label\">Published: <\/span><span class=\"posted-on\"><time class=\"entry-date\" datetime=\"2020-06-15T17:49:26-03:00\">15\/06\/2020<span class=\"sep time-sep\"><\/span><span class=\"publish-time\">17:49<\/span><\/time><\/span><\/li><li class=\"post-author\"><span class=\"screen-reader-text\">Author <\/span><a href=\"https:\/\/www.revistaportfolio.com\/?author=10\">Carlos Protasi<\/a><\/li><\/ul><\/div><\/aside>\t\t<\/div><!-- \/.entry-content -->\r\n\t<\/article><!-- #post-2162 -->\r\n\t\t<article class=\"newsplus entry-list list-small split-33-67 no-image post-2159 post type-post status-publish format-standard hentry category-economia\">\r\n\t\t<div class=\"entry-content\"><h2 class=\"entry-title\"><a href=\"https:\/\/www.revistaportfolio.com\/?p=2159\" title=\"Sindicatos deben sacrificar salarios para evitar aumento del desempleo\">Sindicatos deben sacrificar salarios para evitar aumento del desempleo<\/a><\/h2><aside class=\"meta-row row-3\"><div class=\"meta-col\"><ul class=\"entry-meta\"><li class=\"post-time\"><span class=\"published-label\">Published: <\/span><span class=\"posted-on\"><time class=\"entry-date\" datetime=\"2020-06-15T17:48:24-03:00\">15\/06\/2020<span class=\"sep time-sep\"><\/span><span class=\"publish-time\">17:48<\/span><\/time><\/span><\/li><li class=\"post-author\"><span class=\"screen-reader-text\">Author <\/span><a href=\"https:\/\/www.revistaportfolio.com\/?author=10\">Carlos Protasi<\/a><\/li><\/ul><\/div><\/aside>\t\t<\/div><!-- \/.entry-content -->\r\n\t<\/article><!-- #post-2159 -->\r\n\t\t<article class=\"newsplus entry-list list-small split-33-67 no-image post-1639 post type-post status-publish format-standard hentry category-economia\">\r\n\t\t<div class=\"entry-content\"><h2 class=\"entry-title\"><a href=\"https:\/\/www.revistaportfolio.com\/?p=1639\" title=\"La posverdad del desacople\">La posverdad del desacople<\/a><\/h2><aside class=\"meta-row row-3\"><div class=\"meta-col\"><ul class=\"entry-meta\"><li class=\"post-time\"><span class=\"published-label\">Published: <\/span><span class=\"posted-on\"><time class=\"entry-date\" datetime=\"2018-11-07T22:13:29-03:00\">07\/11\/2018<span class=\"sep time-sep\"><\/span><span class=\"publish-time\">22:13<\/span><\/time><\/span><\/li><li class=\"post-author\"><span class=\"screen-reader-text\">Author <\/span><a href=\"https:\/\/www.revistaportfolio.com\/?author=10\">Carlos Protasi<\/a><\/li><\/ul><\/div><\/aside>\t\t<\/div><!-- \/.entry-content -->\r\n\t<\/article><!-- #post-1639 -->\r\n\t\t<article class=\"newsplus entry-list list-small split-33-67 no-image post-1601 post type-post status-publish format-standard hentry category-mercado-inmobiliario\">\r\n\t\t<div class=\"entry-content\"><h2 class=\"entry-title\"><a href=\"https:\/\/www.revistaportfolio.com\/?p=1601\" title=\"Carrasco: un miniboom inmobiliario empujado por argentinos\">Carrasco: un miniboom inmobiliario empujado por argentinos<\/a><\/h2><aside class=\"meta-row row-3\"><div class=\"meta-col\"><ul class=\"entry-meta\"><li class=\"post-time\"><span class=\"published-label\">Published: <\/span><span class=\"posted-on\"><time class=\"entry-date\" datetime=\"2017-12-28T22:16:37-03:00\">28\/12\/2017<span class=\"sep time-sep\"><\/span><span class=\"publish-time\">22:16<\/span><\/time><\/span><\/li><li class=\"post-author\"><span class=\"screen-reader-text\">Author <\/span><a href=\"https:\/\/www.revistaportfolio.com\/?author=10\">Carlos Protasi<\/a><\/li><\/ul><\/div><\/aside>\t\t<\/div><!-- \/.entry-content -->\r\n\t<\/article><!-- #post-1601 -->\r\n\t<\/div><!-- \/.list-big-wrap --><\/div><div class=\"clear\"><\/div><\/div>\n","protected":false},"excerpt":{"rendered":"","protected":false},"author":1,"featured_media":0,"parent":0,"menu_order":0,"comment_status":"closed","ping_status":"open","template":"","meta":[],"_links":{"self":[{"href":"https:\/\/www.revistaportfolio.com\/index.php?rest_route=\/wp\/v2\/pages\/13"}],"collection":[{"href":"https:\/\/www.revistaportfolio.com\/index.php?rest_route=\/wp\/v2\/pages"}],"about":[{"href":"https:\/\/www.revistaportfolio.com\/index.php?rest_route=\/wp\/v2\/types\/page"}],"author":[{"embeddable":true,"href":"https:\/\/www.revistaportfolio.com\/index.php?rest_route=\/wp\/v2\/users\/1"}],"replies":[{"embeddable":true,"href":"https:\/\/www.revistaportfolio.com\/index.php?rest_route=%2Fwp%2Fv2%2Fcomments&post=13"}],"version-history":[{"count":38,"href":"https:\/\/www.revistaportfolio.com\/index.php?rest_route=\/wp\/v2\/pages\/13\/revisions"}],"predecessor-version":[{"id":2323,"href":"https:\/\/www.revistaportfolio.com\/index.php?rest_route=\/wp\/v2\/pages\/13\/revisions\/2323"}],"wp:attachment":[{"href":"https:\/\/www.revistaportfolio.com\/index.php?rest_route=%2Fwp%2Fv2%2Fmedia&parent=13"}],"curies":[{"name":"wp","href":"https:\/\/api.w.org\/{rel}","templated":true}]}}